{"id":773,"date":"2024-11-21T21:37:24","date_gmt":"2024-11-22T07:37:24","guid":{"rendered":"https:\/\/raiatealocation.com\/location-raiatea\/carolina-skiff-16p-30hp\/"},"modified":"2026-03-25T11:15:07","modified_gmt":"2026-03-25T21:15:07","slug":"carolina-skiff-16p-30hp","status":"publish","type":"product","link":"https:\/\/raiatealocation.com\/en\/location-raiatea\/carolina-skiff-16p-30hp\/","title":{"rendered":"CAROLINA SKIFF 16P 30HP"},"content":{"rendered":"<ul>\n<li>A valid coastal boating license is required<\/li>\n<li>30 HP 2-stroke engine<\/li>\n<li>Up to 4 people<\/li>\n<li>2 fuel jerry cans (20L each)<\/li>\n<li>1 oar<\/li>\n<li>4 life jackets<\/li>\n<li>1 anchor<\/li>\n<\/ul>\n<p>Our Carolina boats are exclusively for lagoon use.<br \/><strong style=\"color: #e30613;\">Navigation outside the lagoon, including the open ocean and passes, is strictly prohibited.<\/strong><\/p>\n","protected":false},"excerpt":{"rendered":"<p>Discover the lagoon in complete safety with our small boat, available for hire by the day.<\/p>\n","protected":false},"featured_media":621,"comment_status":"open","ping_status":"closed","template":"","meta":{"_uag_custom_page_level_css":"","site-sidebar-layout":"default","site-content-layout":"","ast-site-content-layout":"default","site-content-style":"default","site-sidebar-style":"default","ast-global-header-display":"","ast-banner-title-visibility":"","ast-main-header-display":"","ast-hfb-above-header-display":"","ast-hfb-below-header-display":"","ast-hfb-mobile-header-display":"","site-post-title":"","ast-breadcrumbs-content":"","ast-featured-img":"","footer-sml-layout":"","ast-disable-related-posts":"","theme-transparent-header-meta":"default","adv-header-id-meta":"","stick-header-meta":"default","header-above-stick-meta":"","header-main-stick-meta":"","header-below-stick-meta":"","astra-migrate-meta-layouts":"default","ast-page-background-enabled":"default","ast-page-background-meta":{"desktop":{"background-color":"var(--ast-global-color-4)","background-image":"","background-repeat":"repeat","background-position":"center center","background-size":"auto","background-attachment":"scroll","background-type":"","background-media":"","overlay-type":"","overlay-color":"","overlay-opacity":"","overlay-gradient":""},"tablet":{"background-color":"","background-image":"","background-repeat":"repeat","background-position":"center center","background-size":"auto","background-attachment":"scroll","background-type":"","background-media":"","overlay-type":"","overlay-color":"","overlay-opacity":"","overlay-gradient":""},"mobile":{"background-color":"","background-image":"","background-repeat":"repeat","background-position":"center center","background-size":"auto","background-attachment":"scroll","background-type":"","background-media":"","overlay-type":"","overlay-color":"","overlay-opacity":"","overlay-gradient":""}},"ast-content-background-meta":{"desktop":{"background-color":"var(--ast-global-color-5)","background-image":"","background-repeat":"repeat","background-position":"center center","background-size":"auto","background-attachment":"scroll","background-type":"","background-media":"","overlay-type":"","overlay-color":"","overlay-opacity":"","overlay-gradient":""},"tablet":{"background-color":"var(--ast-global-color-5)","background-image":"","background-repeat":"repeat","background-position":"center center","background-size":"auto","background-attachment":"scroll","background-type":"","background-media":"","overlay-type":"","overlay-color":"","overlay-opacity":"","overlay-gradient":""},"mobile":{"background-color":"var(--ast-global-color-5)","background-image":"","background-repeat":"repeat","background-position":"center center","background-size":"auto","background-attachment":"scroll","background-type":"","background-media":"","overlay-type":"","overlay-color":"","overlay-opacity":"","overlay-gradient":""}}},"product_brand":[],"product_cat":[67],"product_tag":[],"class_list":{"0":"post-773","1":"product","2":"type-product","3":"status-publish","4":"has-post-thumbnail","6":"product_cat-boats","7":"desktop-align-center","8":"tablet-align-left","9":"mobile-align-left","10":"ast-product-gallery-layout-horizontal-slider","11":"ast-product-gallery-with-no-image","12":"ast-magnify-disabled","13":"ast-product-tabs-layout-horizontal","15":"first","16":"instock","17":"shipping-taxable","18":"purchasable","19":"product-type-simple"},"aioseo_notices":[],"spectra_custom_meta":{"_wcml_average_rating":[null],"_wcml_review_count":[null],"_wcml_rating_count":[null],"_backorders":["no"],"_download_limit":["-1"],"_download_expiry":["-1"],"_downloadable":["no"],"_manage_stock":["no"],"_stock_status":["instock"],"_tax_class":[""],"_tax_status":["taxable"],"_virtual":["no"],"total_sales":["12"],"stick-header-meta":["default"],"site-sidebar-layout":["default"],"theme-transparent-header-meta":["default"],"ast-site-content-layout":["default"],"site-content-style":["default"],"site-sidebar-style":["default"],"wcml_sync_hash":["a:1:{s:15:\"postmeta_fields\";s:32:\"479ddff01c0676283d4c6fcfa6af1d2b\";}"],"attr_label_translations":["a:0:{}"],"_thumbnail_id":["621"],"_product_image_gallery":[""],"_crosssell_ids":["a:0:{}"],"litespeed_vpi_list":["a:2:{i:0;s:32:\"logo-Raiatea-Location-100x40.png\";i:1;s:17:\"lou-un-bateau.png\";}"],"astra_style_timestamp_css":["1775017321"],"_regular_price":["9000"],"_price":["9000"],"_wpml_word_count":["63"],"_last_translation_edit_mode":["translation-editor"],"_uag_css_file_name":["uag-css-773.css"],"_sold_individually":["no"],"_wc_rating_count":[""],"_wc_review_count":[""],"_wc_average_rating":[0]},"uagb_featured_image_src":{"full":["https:\/\/raiatealocation.com\/wp-content\/uploads\/2024\/11\/lou-un-bateau.png",600,400,false],"thumbnail":["https:\/\/raiatealocation.com\/wp-content\/uploads\/2024\/11\/lou-un-bateau-150x150.png",150,150,true],"medium":["https:\/\/raiatealocation.com\/wp-content\/uploads\/2024\/11\/lou-un-bateau-300x200.png",300,200,true],"medium_large":["https:\/\/raiatealocation.com\/wp-content\/uploads\/2024\/11\/lou-un-bateau.png",600,400,false],"large":["https:\/\/raiatealocation.com\/wp-content\/uploads\/2024\/11\/lou-un-bateau.png",600,400,false],"1536x1536":["https:\/\/raiatealocation.com\/wp-content\/uploads\/2024\/11\/lou-un-bateau.png",600,400,false],"2048x2048":["https:\/\/raiatealocation.com\/wp-content\/uploads\/2024\/11\/lou-un-bateau.png",600,400,false],"woocommerce_thumbnail":["https:\/\/raiatealocation.com\/wp-content\/uploads\/2024\/11\/lou-un-bateau-300x225.png",300,225,true],"woocommerce_single":["https:\/\/raiatealocation.com\/wp-content\/uploads\/2024\/11\/lou-un-bateau.png",600,400,false],"woocommerce_gallery_thumbnail":["https:\/\/raiatealocation.com\/wp-content\/uploads\/2024\/11\/lou-un-bateau-100x100.png",100,100,true]},"uagb_author_info":{"display_name":"WWWRaiatea","author_link":"https:\/\/raiatealocation.com\/en\/author\/"},"uagb_comment_info":0,"uagb_excerpt":"Discover the lagoon in complete safety with our small boat, available for hire by the day.","aioseo_head":"\n\t\t<!-- All in One SEO Pro 4.9.5.2 - aioseo.com -->\n\t<meta name=\"description\" content=\"Discover the lagoon in complete safety with our small boat, available for hire by the day.\" \/>\n\t<meta name=\"robots\" content=\"max-image-preview:large\" \/>\n\t<meta name=\"msvalidate.01\" content=\"9ced99a0b2834c0a92a10b136ca41fe6\" \/>\n\t<meta name=\"p:domain_verify\" content=\"1dfddca7e79f0d83867a8f64426f1c3b\" \/>\n\t<meta name=\"yandex-verification\" content=\"80e9377133a6348e\" \/>\n\t<link rel=\"canonical\" href=\"https:\/\/raiatealocation.com\/en\/location-raiatea\/carolina-skiff-16p-30hp\/\" \/>\n\t<meta name=\"generator\" content=\"All in One SEO Pro (AIOSEO) 4.9.5.2\" \/>\n\t\t<meta property=\"og:locale\" content=\"en_US\" \/>\n\t\t<meta property=\"og:site_name\" content=\"Raiatea Location - Location de Voitures, Scooters, Bateaux et Bungalows \u00e0 Raiatea\" \/>\n\t\t<meta property=\"og:type\" content=\"article\" \/>\n\t\t<meta property=\"og:title\" content=\"CAROLINA SKIFF 16P 30HP - Raiatea Location\" \/>\n\t\t<meta property=\"og:description\" content=\"Discover the lagoon in complete safety with our small boat, available for hire by the day.\" \/>\n\t\t<meta property=\"og:url\" content=\"https:\/\/raiatealocation.com\/en\/location-raiatea\/carolina-skiff-16p-30hp\/\" \/>\n\t\t<meta property=\"og:image\" content=\"https:\/\/raiatealocation.com\/wp-content\/uploads\/2024\/11\/location-bateau-raiatea.jpg\" \/>\n\t\t<meta property=\"og:image:secure_url\" content=\"https:\/\/raiatealocation.com\/wp-content\/uploads\/2024\/11\/location-bateau-raiatea.jpg\" \/>\n\t\t<meta property=\"og:image:width\" content=\"1536\" \/>\n\t\t<meta property=\"og:image:height\" content=\"1024\" \/>\n\t\t<meta property=\"article:published_time\" content=\"2024-11-22T07:37:24+00:00\" \/>\n\t\t<meta property=\"article:modified_time\" content=\"2026-03-25T21:15:07+00:00\" \/>\n\t\t<meta property=\"article:publisher\" content=\"https:\/\/www.facebook.com\/profile.php?id=100057369253208\" \/>\n\t\t<meta name=\"twitter:card\" content=\"summary_large_image\" \/>\n\t\t<meta name=\"twitter:title\" content=\"CAROLINA SKIFF 16P 30HP - Raiatea Location\" \/>\n\t\t<meta name=\"twitter:description\" content=\"Discover the lagoon in complete safety with our small boat, available for hire by the day.\" \/>\n\t\t<meta name=\"twitter:image\" content=\"https:\/\/raiatealocation.com\/wp-content\/uploads\/2024\/11\/image-Facebook-Riatea-Location-1.jpg\" \/>\n\t\t<script type=\"application\/ld+json\" class=\"aioseo-schema\">\n\t\t\t{\"@context\":\"https:\\\/\\\/schema.org\",\"@graph\":[{\"@type\":\"BreadcrumbList\",\"@id\":\"https:\\\/\\\/raiatealocation.com\\\/en\\\/location-raiatea\\\/carolina-skiff-16p-30hp\\\/#breadcrumblist\",\"itemListElement\":[{\"@type\":\"ListItem\",\"@id\":\"https:\\\/\\\/raiatealocation.com\\\/en\\\/#listItem\",\"position\":1,\"name\":\"Accueil\",\"item\":\"https:\\\/\\\/raiatealocation.com\\\/en\\\/\",\"nextItem\":{\"@type\":\"ListItem\",\"@id\":\"https:\\\/\\\/raiatealocation.com\\\/en\\\/our-rentals-in-raiatea\\\/#listItem\",\"name\":\"Our Rentals in Raiatea\"}},{\"@type\":\"ListItem\",\"@id\":\"https:\\\/\\\/raiatealocation.com\\\/en\\\/our-rentals-in-raiatea\\\/#listItem\",\"position\":2,\"name\":\"Our Rentals in Raiatea\",\"item\":\"https:\\\/\\\/raiatealocation.com\\\/en\\\/our-rentals-in-raiatea\\\/\",\"nextItem\":{\"@type\":\"ListItem\",\"@id\":\"https:\\\/\\\/raiatealocation.com\\\/en\\\/rentals\\\/boats\\\/#listItem\",\"name\":\"Boats\"},\"previousItem\":{\"@type\":\"ListItem\",\"@id\":\"https:\\\/\\\/raiatealocation.com\\\/en\\\/#listItem\",\"name\":\"Accueil\"}},{\"@type\":\"ListItem\",\"@id\":\"https:\\\/\\\/raiatealocation.com\\\/en\\\/rentals\\\/boats\\\/#listItem\",\"position\":3,\"name\":\"Boats\",\"item\":\"https:\\\/\\\/raiatealocation.com\\\/en\\\/rentals\\\/boats\\\/\",\"nextItem\":{\"@type\":\"ListItem\",\"@id\":\"https:\\\/\\\/raiatealocation.com\\\/en\\\/location-raiatea\\\/carolina-skiff-16p-30hp\\\/#listItem\",\"name\":\"CAROLINA SKIFF 16P 30HP\"},\"previousItem\":{\"@type\":\"ListItem\",\"@id\":\"https:\\\/\\\/raiatealocation.com\\\/en\\\/our-rentals-in-raiatea\\\/#listItem\",\"name\":\"Our Rentals in Raiatea\"}},{\"@type\":\"ListItem\",\"@id\":\"https:\\\/\\\/raiatealocation.com\\\/en\\\/location-raiatea\\\/carolina-skiff-16p-30hp\\\/#listItem\",\"position\":4,\"name\":\"CAROLINA SKIFF 16P 30HP\",\"previousItem\":{\"@type\":\"ListItem\",\"@id\":\"https:\\\/\\\/raiatealocation.com\\\/en\\\/rentals\\\/boats\\\/#listItem\",\"name\":\"Boats\"}}]},{\"@type\":\"Offer\",\"url\":\"https:\\\/\\\/raiatealocation.com\\\/en\\\/location-raiatea\\\/carolina-skiff-16p-30hp\\\/\",\"businessFunction\":\"https:\\\/\\\/purl.org\\\/goodrelations\\\/v1#LeaseOut\",\"areaServed\":\"Lagons de Raiatea et Taha'a\",\"description\":\"Tarif par jour maximum\"},{\"@type\":\"Organization\",\"@id\":\"https:\\\/\\\/raiatealocation.com\\\/en\\\/#organization\",\"name\":\"Raiatea Location\",\"description\":\"Raiatea Location \\u00e0 Uturoa : location voiture, scooter, bateau sans permis et bungalows. Service local, flexible et personnalis\\u00e9 \\u00e0 Raiatea.\",\"url\":\"https:\\\/\\\/raiatealocation.com\\\/en\\\/\",\"email\":\"raiatealocation@mail.pf\",\"telephone\":\"+68940663406\",\"foundingDate\":\"1995-12-31\",\"numberOfEmployees\":{\"@type\":\"QuantitativeValue\",\"minValue\":0,\"maxValue\":5},\"logo\":{\"@type\":\"ImageObject\",\"url\":\"https:\\\/\\\/raiatealocation.com\\\/wp-content\\\/uploads\\\/2024\\\/11\\\/logo-HD-Raiatea-Location.png\",\"@id\":\"https:\\\/\\\/raiatealocation.com\\\/en\\\/location-raiatea\\\/carolina-skiff-16p-30hp\\\/#organizationLogo\",\"width\":1900,\"height\":900},\"image\":{\"@id\":\"https:\\\/\\\/raiatealocation.com\\\/en\\\/location-raiatea\\\/carolina-skiff-16p-30hp\\\/#organizationLogo\"},\"address\":{\"@id\":\"https:\\\/\\\/raiatealocation.com\\\/en\\\/#postaladdress\",\"@type\":\"PostalAddress\",\"streetAddress\":\"Z.I. Tahina,\",\"postalCode\":\"98735\",\"addressLocality\":\"Uturoa\",\"addressRegion\":\"Raiatea\",\"addressCountry\":\"PF\"}},{\"@type\":\"Product\",\"@id\":\"https:\\\/\\\/raiatealocation.com\\\/en\\\/location-raiatea\\\/carolina-skiff-16p-30hp\\\/#wooCommerceProduct\",\"name\":\"CAROLINA SKIFF 16P 30HP\",\"description\":\"Discover the lagoon in complete safety with our small boat, available for hire by the day.\",\"url\":\"https:\\\/\\\/raiatealocation.com\\\/en\\\/location-raiatea\\\/carolina-skiff-16p-30hp\\\/\",\"image\":{\"@type\":\"ImageObject\",\"url\":\"https:\\\/\\\/raiatealocation.com\\\/wp-content\\\/uploads\\\/2024\\\/11\\\/lou-un-bateau.png\",\"@id\":\"https:\\\/\\\/raiatealocation.com\\\/en\\\/location-raiatea\\\/carolina-skiff-16p-30hp\\\/#productImage\",\"width\":600,\"height\":400},\"offers\":{\"@type\":\"Offer\",\"url\":\"https:\\\/\\\/raiatealocation.com\\\/en\\\/location-raiatea\\\/carolina-skiff-16p-30hp\\\/#wooCommerceOffer\",\"price\":9000,\"priceCurrency\":\"XPF\",\"category\":\"Boats\",\"availability\":\"https:\\\/\\\/schema.org\\\/InStock\",\"priceSpecification\":{\"@type\":\"PriceSpecification\",\"price\":9000,\"priceCurrency\":\"XPF\",\"valueAddedTaxIncluded\":\"true\"},\"seller\":{\"@type\":\"Organization\",\"@id\":\"https:\\\/\\\/raiatealocation.com\\\/en\\\/#organization\"}}},{\"@type\":\"WebPage\",\"@id\":\"https:\\\/\\\/raiatealocation.com\\\/en\\\/location-raiatea\\\/carolina-skiff-16p-30hp\\\/#webpage\",\"url\":\"https:\\\/\\\/raiatealocation.com\\\/en\\\/location-raiatea\\\/carolina-skiff-16p-30hp\\\/\",\"name\":\"CAROLINA SKIFF 16P 30HP - Raiatea Location\",\"description\":\"Discover the lagoon in complete safety with our small boat, available for hire by the day.\",\"inLanguage\":\"en-US\",\"isPartOf\":{\"@id\":\"https:\\\/\\\/raiatealocation.com\\\/en\\\/#website\"},\"breadcrumb\":{\"@id\":\"https:\\\/\\\/raiatealocation.com\\\/en\\\/location-raiatea\\\/carolina-skiff-16p-30hp\\\/#breadcrumblist\"},\"image\":{\"@type\":\"ImageObject\",\"url\":\"https:\\\/\\\/raiatealocation.com\\\/wp-content\\\/uploads\\\/2024\\\/11\\\/lou-un-bateau.png\",\"@id\":\"https:\\\/\\\/raiatealocation.com\\\/en\\\/location-raiatea\\\/carolina-skiff-16p-30hp\\\/#mainImage\",\"width\":600,\"height\":400},\"primaryImageOfPage\":{\"@id\":\"https:\\\/\\\/raiatealocation.com\\\/en\\\/location-raiatea\\\/carolina-skiff-16p-30hp\\\/#mainImage\"},\"datePublished\":\"2024-11-21T21:37:24-10:00\",\"dateModified\":\"2026-03-25T11:15:07-10:00\"},{\"@type\":\"WebSite\",\"@id\":\"https:\\\/\\\/raiatealocation.com\\\/en\\\/#website\",\"url\":\"https:\\\/\\\/raiatealocation.com\\\/en\\\/\",\"name\":\"Raiatea Location\",\"description\":\"Location de Voitures, Scooters, Bateaux et Bungalows \\u00e0 Raiatea\",\"inLanguage\":\"en-US\",\"publisher\":{\"@id\":\"https:\\\/\\\/raiatealocation.com\\\/en\\\/#organization\"}}]}\n\t\t<\/script>\n\t\t<!-- All in One SEO Pro -->\r\n\t\t<title>CAROLINA SKIFF 16P 30HP - Raiatea Location<\/title>\n\n","aioseo_head_json":{"title":"CAROLINA SKIFF 16P 30HP - Raiatea Location","description":"Discover the lagoon in complete safety with our small boat, available for hire by the day.","canonical_url":"https:\/\/raiatealocation.com\/en\/location-raiatea\/carolina-skiff-16p-30hp\/","robots":"max-image-preview:large","keywords":"","webmasterTools":{"msvalidate.01":"9ced99a0b2834c0a92a10b136ca41fe6","p:domain_verify":"1dfddca7e79f0d83867a8f64426f1c3b","yandex-verification":"80e9377133a6348e","miscellaneous":""},"schema":{"@context":"https:\/\/schema.org","@graph":[{"@type":"BreadcrumbList","@id":"https:\/\/raiatealocation.com\/en\/location-raiatea\/carolina-skiff-16p-30hp\/#breadcrumblist","itemListElement":[{"@type":"ListItem","@id":"https:\/\/raiatealocation.com\/en\/#listItem","position":1,"name":"Accueil","item":"https:\/\/raiatealocation.com\/en\/","nextItem":{"@type":"ListItem","@id":"https:\/\/raiatealocation.com\/en\/our-rentals-in-raiatea\/#listItem","name":"Our Rentals in Raiatea"}},{"@type":"ListItem","@id":"https:\/\/raiatealocation.com\/en\/our-rentals-in-raiatea\/#listItem","position":2,"name":"Our Rentals in Raiatea","item":"https:\/\/raiatealocation.com\/en\/our-rentals-in-raiatea\/","nextItem":{"@type":"ListItem","@id":"https:\/\/raiatealocation.com\/en\/rentals\/boats\/#listItem","name":"Boats"},"previousItem":{"@type":"ListItem","@id":"https:\/\/raiatealocation.com\/en\/#listItem","name":"Accueil"}},{"@type":"ListItem","@id":"https:\/\/raiatealocation.com\/en\/rentals\/boats\/#listItem","position":3,"name":"Boats","item":"https:\/\/raiatealocation.com\/en\/rentals\/boats\/","nextItem":{"@type":"ListItem","@id":"https:\/\/raiatealocation.com\/en\/location-raiatea\/carolina-skiff-16p-30hp\/#listItem","name":"CAROLINA SKIFF 16P 30HP"},"previousItem":{"@type":"ListItem","@id":"https:\/\/raiatealocation.com\/en\/our-rentals-in-raiatea\/#listItem","name":"Our Rentals in Raiatea"}},{"@type":"ListItem","@id":"https:\/\/raiatealocation.com\/en\/location-raiatea\/carolina-skiff-16p-30hp\/#listItem","position":4,"name":"CAROLINA SKIFF 16P 30HP","previousItem":{"@type":"ListItem","@id":"https:\/\/raiatealocation.com\/en\/rentals\/boats\/#listItem","name":"Boats"}}]},{"@type":"Offer","url":"https:\/\/raiatealocation.com\/en\/location-raiatea\/carolina-skiff-16p-30hp\/","businessFunction":"https:\/\/purl.org\/goodrelations\/v1#LeaseOut","areaServed":"Lagons de Raiatea et Taha'a","description":"Tarif par jour maximum"},{"@type":"Organization","@id":"https:\/\/raiatealocation.com\/en\/#organization","name":"Raiatea Location","description":"Raiatea Location \u00e0 Uturoa : location voiture, scooter, bateau sans permis et bungalows. Service local, flexible et personnalis\u00e9 \u00e0 Raiatea.","url":"https:\/\/raiatealocation.com\/en\/","email":"raiatealocation@mail.pf","telephone":"+68940663406","foundingDate":"1995-12-31","numberOfEmployees":{"@type":"QuantitativeValue","minValue":0,"maxValue":5},"logo":{"@type":"ImageObject","url":"https:\/\/raiatealocation.com\/wp-content\/uploads\/2024\/11\/logo-HD-Raiatea-Location.png","@id":"https:\/\/raiatealocation.com\/en\/location-raiatea\/carolina-skiff-16p-30hp\/#organizationLogo","width":1900,"height":900},"image":{"@id":"https:\/\/raiatealocation.com\/en\/location-raiatea\/carolina-skiff-16p-30hp\/#organizationLogo"},"address":{"@id":"https:\/\/raiatealocation.com\/en\/#postaladdress","@type":"PostalAddress","streetAddress":"Z.I. Tahina,","postalCode":"98735","addressLocality":"Uturoa","addressRegion":"Raiatea","addressCountry":"PF"}},{"@type":"Product","@id":"https:\/\/raiatealocation.com\/en\/location-raiatea\/carolina-skiff-16p-30hp\/#wooCommerceProduct","name":"CAROLINA SKIFF 16P 30HP","description":"Discover the lagoon in complete safety with our small boat, available for hire by the day.","url":"https:\/\/raiatealocation.com\/en\/location-raiatea\/carolina-skiff-16p-30hp\/","image":{"@type":"ImageObject","url":"https:\/\/raiatealocation.com\/wp-content\/uploads\/2024\/11\/lou-un-bateau.png","@id":"https:\/\/raiatealocation.com\/en\/location-raiatea\/carolina-skiff-16p-30hp\/#productImage","width":600,"height":400},"offers":{"@type":"Offer","url":"https:\/\/raiatealocation.com\/en\/location-raiatea\/carolina-skiff-16p-30hp\/#wooCommerceOffer","price":9000,"priceCurrency":"XPF","category":"Boats","availability":"https:\/\/schema.org\/InStock","priceSpecification":{"@type":"PriceSpecification","price":9000,"priceCurrency":"XPF","valueAddedTaxIncluded":"true"},"seller":{"@type":"Organization","@id":"https:\/\/raiatealocation.com\/en\/#organization"}}},{"@type":"WebPage","@id":"https:\/\/raiatealocation.com\/en\/location-raiatea\/carolina-skiff-16p-30hp\/#webpage","url":"https:\/\/raiatealocation.com\/en\/location-raiatea\/carolina-skiff-16p-30hp\/","name":"CAROLINA SKIFF 16P 30HP - Raiatea Location","description":"Discover the lagoon in complete safety with our small boat, available for hire by the day.","inLanguage":"en-US","isPartOf":{"@id":"https:\/\/raiatealocation.com\/en\/#website"},"breadcrumb":{"@id":"https:\/\/raiatealocation.com\/en\/location-raiatea\/carolina-skiff-16p-30hp\/#breadcrumblist"},"image":{"@type":"ImageObject","url":"https:\/\/raiatealocation.com\/wp-content\/uploads\/2024\/11\/lou-un-bateau.png","@id":"https:\/\/raiatealocation.com\/en\/location-raiatea\/carolina-skiff-16p-30hp\/#mainImage","width":600,"height":400},"primaryImageOfPage":{"@id":"https:\/\/raiatealocation.com\/en\/location-raiatea\/carolina-skiff-16p-30hp\/#mainImage"},"datePublished":"2024-11-21T21:37:24-10:00","dateModified":"2026-03-25T11:15:07-10:00"},{"@type":"WebSite","@id":"https:\/\/raiatealocation.com\/en\/#website","url":"https:\/\/raiatealocation.com\/en\/","name":"Raiatea Location","description":"Location de Voitures, Scooters, Bateaux et Bungalows \u00e0 Raiatea","inLanguage":"en-US","publisher":{"@id":"https:\/\/raiatealocation.com\/en\/#organization"}}]},"og:locale":"en_US","og:site_name":"Raiatea Location - Location de Voitures, Scooters, Bateaux et Bungalows \u00e0 Raiatea","og:type":"article","og:title":"CAROLINA SKIFF 16P 30HP - Raiatea Location","og:description":"Discover the lagoon in complete safety with our small boat, available for hire by the day.","og:url":"https:\/\/raiatealocation.com\/en\/location-raiatea\/carolina-skiff-16p-30hp\/","og:image":"https:\/\/raiatealocation.com\/wp-content\/uploads\/2024\/11\/location-bateau-raiatea.jpg","og:image:secure_url":"https:\/\/raiatealocation.com\/wp-content\/uploads\/2024\/11\/location-bateau-raiatea.jpg","og:image:width":1536,"og:image:height":1024,"article:published_time":"2024-11-22T07:37:24+00:00","article:modified_time":"2026-03-25T21:15:07+00:00","article:publisher":"https:\/\/www.facebook.com\/profile.php?id=100057369253208","twitter:card":"summary_large_image","twitter:title":"CAROLINA SKIFF 16P 30HP - Raiatea Location","twitter:description":"Discover the lagoon in complete safety with our small boat, available for hire by the day.","twitter:image":"https:\/\/raiatealocation.com\/wp-content\/uploads\/2024\/11\/image-Facebook-Riatea-Location-1.jpg"},"aioseo_meta_data":{"post_id":"773","title":null,"description":null,"keywords":null,"keyphrases":{"focus":{"keyphrase":"","score":0,"analysis":{"keyphraseInTitle":{"score":0,"maxScore":9,"error":1}}},"additional":[]},"primary_term":null,"canonical_url":null,"og_title":null,"og_description":null,"og_object_type":"default","og_image_type":"custom_image","og_image_url":"https:\/\/raiatealocation.com\/wp-content\/uploads\/2024\/11\/location-bateau-raiatea.jpg","og_image_width":"1536","og_image_height":"1024","og_image_custom_url":"https:\/\/raiatealocation.com\/wp-content\/uploads\/2024\/11\/location-bateau-raiatea.jpg","og_image_custom_fields":null,"og_video":"","og_custom_url":null,"og_article_section":null,"og_article_tags":null,"twitter_use_og":false,"twitter_card":"default","twitter_image_type":"default","twitter_image_url":null,"twitter_image_custom_url":null,"twitter_image_custom_fields":null,"twitter_title":null,"twitter_description":null,"schema":{"blockGraphs":[],"customGraphs":[{"id":"#aioseo-custom-mec4b1l4","custom":true,"graphName":"BATEAU","schema":"{ \"@type\": \"Offer\", \"url\": \"#permalink\", \"businessFunction\": \"https:\/\/purl.org\/goodrelations\/v1#LeaseOut\", \"areaServed\": \"Lagons de Raiatea et Taha'a\", \"description\": \"Tarif par jour maximum\" }"}],"default":{"data":{"Article":[],"Course":[],"Dataset":[],"FAQPage":[],"Movie":[],"Person":[],"Product":[],"ProductReview":[],"Car":[],"Recipe":[],"Service":[],"SoftwareApplication":[],"WebPage":[]},"graphName":"Product","isEnabled":true},"graphs":[]},"schema_type":"default","schema_type_options":null,"pillar_content":false,"robots_default":true,"robots_noindex":false,"robots_noarchive":false,"robots_nosnippet":false,"robots_nofollow":false,"robots_noimageindex":false,"robots_noodp":false,"robots_notranslate":false,"robots_max_snippet":"-1","robots_max_videopreview":"-1","robots_max_imagepreview":"large","priority":null,"frequency":"default","local_seo":null,"seo_analyzer_scan_date":"2026-03-25 21:59:32","breadcrumb_settings":null,"limit_modified_date":false,"reviewed_by":"0","open_ai":"{\"title\":{\"suggestions\":[],\"usage\":0},\"description\":{\"suggestions\":[],\"usage\":0}}","ai":{"faqs":[],"keyPoints":[],"titles":[],"descriptions":[],"socialPosts":{"email":[],"linkedin":[],"twitter":[],"facebook":[],"instagram":[]}},"created":"2024-12-19 00:11:38","updated":"2026-03-25 21:59:32"},"aioseo_breadcrumb":"<div class=\"aioseo-breadcrumbs\"><span class=\"aioseo-breadcrumb\">\n\t<a href=\"https:\/\/raiatealocation.com\/en\/\" title=\"Accueil\">Accueil<\/a>\n<\/span><span class=\"aioseo-breadcrumb-separator\">\u00bb<\/span><span class=\"aioseo-breadcrumb\">\n\t<a href=\"https:\/\/raiatealocation.com\/en\/our-rentals-in-raiatea\/\" title=\"Our Rentals in Raiatea\">Our Rentals in Raiatea<\/a>\n<\/span><span class=\"aioseo-breadcrumb-separator\">\u00bb<\/span><span class=\"aioseo-breadcrumb\">\n\t<a href=\"https:\/\/raiatealocation.com\/en\/rentals\/boats\/\" title=\"Boats\">Boats<\/a>\n<\/span><span class=\"aioseo-breadcrumb-separator\">\u00bb<\/span><span class=\"aioseo-breadcrumb\">\n\tCAROLINA SKIFF 16P 30HP\n<\/span><\/div>","aioseo_breadcrumb_json":[{"label":"Accueil","link":"https:\/\/raiatealocation.com\/en\/"},{"label":"Our Rentals in Raiatea","link":"https:\/\/raiatealocation.com\/en\/our-rentals-in-raiatea\/"},{"label":"Boats","link":"https:\/\/raiatealocation.com\/en\/rentals\/boats\/"},{"label":"CAROLINA SKIFF 16P 30HP","link":"https:\/\/raiatealocation.com\/en\/location-raiatea\/carolina-skiff-16p-30hp\/"}],"_links":{"self":[{"href":"https:\/\/raiatealocation.com\/en\/wp-json\/wp\/v2\/product\/773","targetHints":{"allow":["GET"]}}],"collection":[{"href":"https:\/\/raiatealocation.com\/en\/wp-json\/wp\/v2\/product"}],"about":[{"href":"https:\/\/raiatealocation.com\/en\/wp-json\/wp\/v2\/types\/product"}],"replies":[{"embeddable":true,"href":"https:\/\/raiatealocation.com\/en\/wp-json\/wp\/v2\/comments?post=773"}],"wp:featuredmedia":[{"embeddable":true,"href":"https:\/\/raiatealocation.com\/en\/wp-json\/wp\/v2\/media\/621"}],"wp:attachment":[{"href":"https:\/\/raiatealocation.com\/en\/wp-json\/wp\/v2\/media?parent=773"}],"wp:term":[{"taxonomy":"product_brand","embeddable":true,"href":"https:\/\/raiatealocation.com\/en\/wp-json\/wp\/v2\/product_brand?post=773"},{"taxonomy":"product_cat","embeddable":true,"href":"https:\/\/raiatealocation.com\/en\/wp-json\/wp\/v2\/product_cat?post=773"},{"taxonomy":"product_tag","embeddable":true,"href":"https:\/\/raiatealocation.com\/en\/wp-json\/wp\/v2\/product_tag?post=773"}],"curies":[{"name":"wp","href":"https:\/\/api.w.org\/{rel}","templated":true}]}}