{"id":799,"date":"2024-11-21T02:52:11","date_gmt":"2024-11-21T12:52:11","guid":{"rendered":"https:\/\/raiatealocation.com\/my-account\/"},"modified":"2025-07-01T09:14:34","modified_gmt":"2025-07-01T19:14:34","slug":"my-account","status":"publish","type":"page","link":"https:\/\/raiatealocation.com\/en\/my-account\/","title":{"rendered":"My account"},"content":{"rendered":"<div class=\"woocommerce\"><\/div>\n","protected":false},"excerpt":{"rendered":"","protected":false},"author":1,"featured_media":0,"parent":0,"menu_order":0,"comment_status":"closed","ping_status":"closed","template":"","meta":{"_uag_custom_page_level_css":"","site-sidebar-layout":"default","site-content-layout":"","ast-site-content-layout":"default","site-content-style":"default","site-sidebar-style":"default","ast-global-header-display":"","ast-banner-title-visibility":"","ast-main-header-display":"","ast-hfb-above-header-display":"","ast-hfb-below-header-display":"","ast-hfb-mobile-header-display":"","site-post-title":"","ast-breadcrumbs-content":"","ast-featured-img":"","footer-sml-layout":"","ast-disable-related-posts":"","theme-transparent-header-meta":"","adv-header-id-meta":"","stick-header-meta":"","header-above-stick-meta":"","header-main-stick-meta":"","header-below-stick-meta":"","astra-migrate-meta-layouts":"default","ast-page-background-enabled":"default","ast-page-background-meta":{"desktop":{"background-color":"var(--ast-global-color-4)","background-image":"","background-repeat":"repeat","background-position":"center center","background-size":"auto","background-attachment":"scroll","background-type":"","background-media":"","overlay-type":"","overlay-color":"","overlay-opacity":"","overlay-gradient":""},"tablet":{"background-color":"","background-image":"","background-repeat":"repeat","background-position":"center center","background-size":"auto","background-attachment":"scroll","background-type":"","background-media":"","overlay-type":"","overlay-color":"","overlay-opacity":"","overlay-gradient":""},"mobile":{"background-color":"","background-image":"","background-repeat":"repeat","background-position":"center center","background-size":"auto","background-attachment":"scroll","background-type":"","background-media":"","overlay-type":"","overlay-color":"","overlay-opacity":"","overlay-gradient":""}},"ast-content-background-meta":{"desktop":{"background-color":"var(--ast-global-color-5)","background-image":"","background-repeat":"repeat","background-position":"center center","background-size":"auto","background-attachment":"scroll","background-type":"","background-media":"","overlay-type":"","overlay-color":"","overlay-opacity":"","overlay-gradient":""},"tablet":{"background-color":"var(--ast-global-color-5)","background-image":"","background-repeat":"repeat","background-position":"center center","background-size":"auto","background-attachment":"scroll","background-type":"","background-media":"","overlay-type":"","overlay-color":"","overlay-opacity":"","overlay-gradient":""},"mobile":{"background-color":"var(--ast-global-color-5)","background-image":"","background-repeat":"repeat","background-position":"center center","background-size":"auto","background-attachment":"scroll","background-type":"","background-media":"","overlay-type":"","overlay-color":"","overlay-opacity":"","overlay-gradient":""}},"footnotes":""},"class_list":["post-799","page","type-page","status-publish","hentry"],"aioseo_notices":[],"spectra_custom_meta":{"_last_translation_edit_mode":["translation-editor"],"litespeed_vpi_list":["a:1:{i:0;s:32:\"logo-Raiatea-Location-100x40.png\";}"],"astra_style_timestamp_css":["1775022006"],"_wpml_word_count":["2"],"_top_nav_excluded":[""],"_cms_nav_minihome":[""],"_uag_css_file_name":["uag-css-799.css"],"_uag_page_assets":["a:9:{s:3:\"css\";s:3581:\".uag-blocks-common-selector{z-index:var(--z-index-desktop) !important}@media (max-width: 976px){.uag-blocks-common-selector{z-index:var(--z-index-tablet) !important}}@media (max-width: 767px){.uag-blocks-common-selector{z-index:var(--z-index-mobile) !important}}\n.uagb-google-map__wrap{display:flex}.uagb-google-map__wrap .uagb-google-map__iframe{width:100%;box-shadow:none;border:none;padding:0;margin:0}\n .uagb-block-31e186cb .uagb-google-map__iframe{height: 300px;}@media only screen and (max-width: 976px) { .uagb-block-31e186cb .uagb-google-map__iframe{height: 300px;}}@media only screen and (max-width: 767px) { .uagb-block-31e186cb .uagb-google-map__iframe{height: 300px;}}.wp-block-uagb-advanced-heading h1,.wp-block-uagb-advanced-heading h2,.wp-block-uagb-advanced-heading h3,.wp-block-uagb-advanced-heading h4,.wp-block-uagb-advanced-heading h5,.wp-block-uagb-advanced-heading h6,.wp-block-uagb-advanced-heading p,.wp-block-uagb-advanced-heading div{word-break:break-word}.wp-block-uagb-advanced-heading .uagb-heading-text{margin:0}.wp-block-uagb-advanced-heading .uagb-desc-text{margin:0}.wp-block-uagb-advanced-heading .uagb-separator{font-size:0;border-top-style:solid;display:inline-block;margin:0 0 10px 0}.wp-block-uagb-advanced-heading .uagb-highlight{color:#f78a0c;border:0;transition:all 0.3s ease}.uag-highlight-toolbar{border-left:0;border-top:0;border-bottom:0;border-radius:0;border-right-color:#1e1e1e}.uag-highlight-toolbar .components-button{border-radius:0;outline:none}.uag-highlight-toolbar .components-button.is-primary{color:#fff}\n.wp-block-uagb-advanced-heading.uagb-block-1e1e4c1d.wp-block-uagb-advanced-heading .uagb-desc-text{margin-bottom: 15px;}.wp-block-uagb-advanced-heading.uagb-block-1e1e4c1d.wp-block-uagb-advanced-heading .uagb-highlight{font-style: normal;font-weight: Default;background: #007cba;color: #fff;-webkit-text-fill-color: #fff;}.wp-block-uagb-advanced-heading.uagb-block-1e1e4c1d.wp-block-uagb-advanced-heading .uagb-highlight::-moz-selection{color: #fff;background: #007cba;-webkit-text-fill-color: #fff;}.wp-block-uagb-advanced-heading.uagb-block-1e1e4c1d.wp-block-uagb-advanced-heading .uagb-highlight::selection{color: #fff;background: #007cba;-webkit-text-fill-color: #fff;}.wp-block-uagb-advanced-heading.uagb-block-20df889b.wp-block-uagb-advanced-heading .uagb-desc-text{margin-bottom: 15px;}.wp-block-uagb-advanced-heading.uagb-block-20df889b.wp-block-uagb-advanced-heading .uagb-highlight{font-style: normal;font-weight: Default;background: #007cba;color: #fff;-webkit-text-fill-color: #fff;}.wp-block-uagb-advanced-heading.uagb-block-20df889b.wp-block-uagb-advanced-heading .uagb-highlight::-moz-selection{color: #fff;background: #007cba;-webkit-text-fill-color: #fff;}.wp-block-uagb-advanced-heading.uagb-block-20df889b.wp-block-uagb-advanced-heading .uagb-highlight::selection{color: #fff;background: #007cba;-webkit-text-fill-color: #fff;}.wp-block-uagb-advanced-heading.uagb-block-2c3c6052.wp-block-uagb-advanced-heading .uagb-desc-text{margin-bottom: 15px;}.wp-block-uagb-advanced-heading.uagb-block-2c3c6052.wp-block-uagb-advanced-heading .uagb-highlight{font-style: normal;font-weight: Default;background: #007cba;color: #fff;-webkit-text-fill-color: #fff;}.wp-block-uagb-advanced-heading.uagb-block-2c3c6052.wp-block-uagb-advanced-heading .uagb-highlight::-moz-selection{color: #fff;background: #007cba;-webkit-text-fill-color: #fff;}.wp-block-uagb-advanced-heading.uagb-block-2c3c6052.wp-block-uagb-advanced-heading .uagb-highlight::selection{color: #fff;background: #007cba;-webkit-text-fill-color: #fff;}\";s:2:\"js\";s:0:\"\";s:18:\"current_block_list\";a:23:{i:0;s:14:\"core\/shortcode\";i:1;s:11:\"core\/search\";i:2;s:10:\"core\/group\";i:3;s:12:\"core\/heading\";i:4;s:17:\"core\/latest-posts\";i:5;s:20:\"core\/latest-comments\";i:6;s:13:\"core\/archives\";i:7;s:15:\"core\/categories\";i:8;s:30:\"woocommerce\/product-categories\";i:9;s:27:\"woocommerce\/product-on-sale\";i:10;s:28:\"woocommerce\/product-category\";i:11;s:15:\"uagb\/google-map\";i:12;s:19:\"aioseo\/businessinfo\";i:13;s:26:\"woocommerce\/filter-wrapper\";i:14;s:28:\"woocommerce\/attribute-filter\";i:15;s:26:\"woocommerce\/active-filters\";i:16;s:27:\"woocommerce\/catalog-sorting\";i:17;s:24:\"woocommerce\/price-filter\";i:18;s:17:\"core\/social-links\";i:19;s:16:\"core\/social-link\";i:20;s:21:\"uagb\/advanced-heading\";i:21;s:14:\"core\/paragraph\";i:22;s:19:\"aioseo\/openinghours\";}s:8:\"uag_flag\";b:1;s:11:\"uag_version\";s:10:\"1775351491\";s:6:\"gfonts\";a:0:{}s:10:\"gfonts_url\";s:0:\"\";s:12:\"gfonts_files\";a:0:{}s:14:\"uag_faq_layout\";b:0;}"]},"uagb_featured_image_src":{"full":false,"thumbnail":false,"medium":false,"medium_large":false,"large":false,"1536x1536":false,"2048x2048":false,"woocommerce_thumbnail":false,"woocommerce_single":false,"woocommerce_gallery_thumbnail":false},"uagb_author_info":{"display_name":"WWWRaiatea","author_link":"https:\/\/raiatealocation.com\/en\/author\/wwwraiatea\/"},"uagb_comment_info":0,"uagb_excerpt":null,"aioseo_head":"\n\t\t<!-- All in One SEO Pro 4.9.5.2 - aioseo.com -->\n\t<meta name=\"robots\" content=\"noindex, max-image-preview:large\" \/>\n\t<meta name=\"msvalidate.01\" content=\"9ced99a0b2834c0a92a10b136ca41fe6\" \/>\n\t<meta name=\"p:domain_verify\" content=\"1dfddca7e79f0d83867a8f64426f1c3b\" \/>\n\t<meta name=\"yandex-verification\" content=\"80e9377133a6348e\" \/>\n\t<link rel=\"canonical\" href=\"https:\/\/raiatealocation.com\/en\/my-account\/\" \/>\n\t<meta name=\"generator\" content=\"All in One SEO Pro (AIOSEO) 4.9.5.2\" \/>\n\t\t<meta property=\"og:locale\" content=\"en_US\" \/>\n\t\t<meta property=\"og:site_name\" content=\"Raiatea Location - Location de Voitures, Scooters, Bateaux et Bungalows \u00e0 Raiatea\" \/>\n\t\t<meta property=\"og:type\" content=\"website\" \/>\n\t\t<meta property=\"og:title\" content=\"My account - Raiatea Location\" \/>\n\t\t<meta property=\"og:url\" content=\"https:\/\/raiatealocation.com\/en\/my-account\/\" \/>\n\t\t<meta property=\"og:image\" content=\"https:\/\/raiatealocation.com\/wp-content\/uploads\/2024\/11\/image-Facebook-Riatea-Location-1.jpg\" \/>\n\t\t<meta property=\"og:image:secure_url\" content=\"https:\/\/raiatealocation.com\/wp-content\/uploads\/2024\/11\/image-Facebook-Riatea-Location-1.jpg\" \/>\n\t\t<meta property=\"og:image:width\" content=\"1200\" \/>\n\t\t<meta property=\"og:image:height\" content=\"627\" \/>\n\t\t<meta name=\"twitter:card\" content=\"summary_large_image\" \/>\n\t\t<meta name=\"twitter:title\" content=\"My account - Raiatea Location\" \/>\n\t\t<meta name=\"twitter:image\" content=\"https:\/\/raiatealocation.com\/wp-content\/uploads\/2024\/11\/image-Facebook-Riatea-Location-1.jpg\" \/>\n\t\t<script type=\"application\/ld+json\" class=\"aioseo-schema\">\n\t\t\t{\"@context\":\"https:\\\/\\\/schema.org\",\"@graph\":[{\"@type\":\"BreadcrumbList\",\"@id\":\"https:\\\/\\\/raiatealocation.com\\\/en\\\/my-account\\\/#breadcrumblist\",\"itemListElement\":[{\"@type\":\"ListItem\",\"@id\":\"https:\\\/\\\/raiatealocation.com\\\/en\\\/#listItem\",\"position\":1,\"name\":\"Accueil\",\"item\":\"https:\\\/\\\/raiatealocation.com\\\/en\\\/\",\"nextItem\":{\"@type\":\"ListItem\",\"@id\":\"https:\\\/\\\/raiatealocation.com\\\/en\\\/my-account\\\/#listItem\",\"name\":\"My account\"}},{\"@type\":\"ListItem\",\"@id\":\"https:\\\/\\\/raiatealocation.com\\\/en\\\/my-account\\\/#listItem\",\"position\":2,\"name\":\"My account\",\"previousItem\":{\"@type\":\"ListItem\",\"@id\":\"https:\\\/\\\/raiatealocation.com\\\/en\\\/#listItem\",\"name\":\"Accueil\"}}]},{\"@type\":\"Organization\",\"@id\":\"https:\\\/\\\/raiatealocation.com\\\/en\\\/#organization\",\"name\":\"Raiatea Location\",\"description\":\"Raiatea Location \\u00e0 Uturoa : location voiture, scooter, bateau sans permis et bungalows. Service local, flexible et personnalis\\u00e9 \\u00e0 Raiatea.\",\"url\":\"https:\\\/\\\/raiatealocation.com\\\/en\\\/\",\"email\":\"raiatealocation@mail.pf\",\"telephone\":\"+68940663406\",\"foundingDate\":\"1995-12-31\",\"numberOfEmployees\":{\"@type\":\"QuantitativeValue\",\"minValue\":0,\"maxValue\":5},\"logo\":{\"@type\":\"ImageObject\",\"url\":\"https:\\\/\\\/raiatealocation.com\\\/wp-content\\\/uploads\\\/2024\\\/11\\\/logo-HD-Raiatea-Location.png\",\"@id\":\"https:\\\/\\\/raiatealocation.com\\\/en\\\/my-account\\\/#organizationLogo\",\"width\":1900,\"height\":900},\"image\":{\"@id\":\"https:\\\/\\\/raiatealocation.com\\\/en\\\/my-account\\\/#organizationLogo\"},\"address\":{\"@id\":\"https:\\\/\\\/raiatealocation.com\\\/en\\\/#postaladdress\",\"@type\":\"PostalAddress\",\"streetAddress\":\"Z.I. Tahina,\",\"postalCode\":\"98735\",\"addressLocality\":\"Uturoa\",\"addressRegion\":\"Raiatea\",\"addressCountry\":\"PF\"}},{\"@type\":\"WebPage\",\"@id\":\"https:\\\/\\\/raiatealocation.com\\\/en\\\/my-account\\\/#webpage\",\"url\":\"https:\\\/\\\/raiatealocation.com\\\/en\\\/my-account\\\/\",\"name\":\"My account - Raiatea Location\",\"inLanguage\":\"en-US\",\"isPartOf\":{\"@id\":\"https:\\\/\\\/raiatealocation.com\\\/en\\\/#website\"},\"breadcrumb\":{\"@id\":\"https:\\\/\\\/raiatealocation.com\\\/en\\\/my-account\\\/#breadcrumblist\"},\"datePublished\":\"2024-11-21T02:52:11-10:00\",\"dateModified\":\"2025-07-01T09:14:34-10:00\"},{\"@type\":\"WebSite\",\"@id\":\"https:\\\/\\\/raiatealocation.com\\\/en\\\/#website\",\"url\":\"https:\\\/\\\/raiatealocation.com\\\/en\\\/\",\"name\":\"Raiatea Location\",\"description\":\"Location de Voitures, Scooters, Bateaux et Bungalows \\u00e0 Raiatea\",\"inLanguage\":\"en-US\",\"publisher\":{\"@id\":\"https:\\\/\\\/raiatealocation.com\\\/en\\\/#organization\"}}]}\n\t\t<\/script>\n\t\t<!-- All in One SEO Pro -->\r\n\t\t<title>My account - Raiatea Location<\/title>\n\n","aioseo_head_json":{"title":"My account - Raiatea Location","description":"","canonical_url":"https:\/\/raiatealocation.com\/en\/my-account\/","robots":"noindex, max-image-preview:large","keywords":"","webmasterTools":{"msvalidate.01":"9ced99a0b2834c0a92a10b136ca41fe6","p:domain_verify":"1dfddca7e79f0d83867a8f64426f1c3b","yandex-verification":"80e9377133a6348e","miscellaneous":""},"schema":{"@context":"https:\/\/schema.org","@graph":[{"@type":"BreadcrumbList","@id":"https:\/\/raiatealocation.com\/en\/my-account\/#breadcrumblist","itemListElement":[{"@type":"ListItem","@id":"https:\/\/raiatealocation.com\/en\/#listItem","position":1,"name":"Accueil","item":"https:\/\/raiatealocation.com\/en\/","nextItem":{"@type":"ListItem","@id":"https:\/\/raiatealocation.com\/en\/my-account\/#listItem","name":"My account"}},{"@type":"ListItem","@id":"https:\/\/raiatealocation.com\/en\/my-account\/#listItem","position":2,"name":"My account","previousItem":{"@type":"ListItem","@id":"https:\/\/raiatealocation.com\/en\/#listItem","name":"Accueil"}}]},{"@type":"Organization","@id":"https:\/\/raiatealocation.com\/en\/#organization","name":"Raiatea Location","description":"Raiatea Location \u00e0 Uturoa : location voiture, scooter, bateau sans permis et bungalows. Service local, flexible et personnalis\u00e9 \u00e0 Raiatea.","url":"https:\/\/raiatealocation.com\/en\/","email":"raiatealocation@mail.pf","telephone":"+68940663406","foundingDate":"1995-12-31","numberOfEmployees":{"@type":"QuantitativeValue","minValue":0,"maxValue":5},"logo":{"@type":"ImageObject","url":"https:\/\/raiatealocation.com\/wp-content\/uploads\/2024\/11\/logo-HD-Raiatea-Location.png","@id":"https:\/\/raiatealocation.com\/en\/my-account\/#organizationLogo","width":1900,"height":900},"image":{"@id":"https:\/\/raiatealocation.com\/en\/my-account\/#organizationLogo"},"address":{"@id":"https:\/\/raiatealocation.com\/en\/#postaladdress","@type":"PostalAddress","streetAddress":"Z.I. Tahina,","postalCode":"98735","addressLocality":"Uturoa","addressRegion":"Raiatea","addressCountry":"PF"}},{"@type":"WebPage","@id":"https:\/\/raiatealocation.com\/en\/my-account\/#webpage","url":"https:\/\/raiatealocation.com\/en\/my-account\/","name":"My account - Raiatea Location","inLanguage":"en-US","isPartOf":{"@id":"https:\/\/raiatealocation.com\/en\/#website"},"breadcrumb":{"@id":"https:\/\/raiatealocation.com\/en\/my-account\/#breadcrumblist"},"datePublished":"2024-11-21T02:52:11-10:00","dateModified":"2025-07-01T09:14:34-10:00"},{"@type":"WebSite","@id":"https:\/\/raiatealocation.com\/en\/#website","url":"https:\/\/raiatealocation.com\/en\/","name":"Raiatea Location","description":"Location de Voitures, Scooters, Bateaux et Bungalows \u00e0 Raiatea","inLanguage":"en-US","publisher":{"@id":"https:\/\/raiatealocation.com\/en\/#organization"}}]},"og:locale":"en_US","og:site_name":"Raiatea Location - Location de Voitures, Scooters, Bateaux et Bungalows \u00e0 Raiatea","og:type":"website","og:title":"My account - Raiatea Location","og:url":"https:\/\/raiatealocation.com\/en\/my-account\/","og:image":"https:\/\/raiatealocation.com\/wp-content\/uploads\/2024\/11\/image-Facebook-Riatea-Location-1.jpg","og:image:secure_url":"https:\/\/raiatealocation.com\/wp-content\/uploads\/2024\/11\/image-Facebook-Riatea-Location-1.jpg","og:image:width":1200,"og:image:height":627,"twitter:card":"summary_large_image","twitter:title":"My account - Raiatea Location","twitter:image":"https:\/\/raiatealocation.com\/wp-content\/uploads\/2024\/11\/image-Facebook-Riatea-Location-1.jpg"},"aioseo_meta_data":{"post_id":"799","title":null,"description":null,"keywords":null,"keyphrases":null,"primary_term":null,"canonical_url":null,"og_title":null,"og_description":null,"og_object_type":"default","og_image_type":"default","og_image_url":null,"og_image_width":null,"og_image_height":null,"og_image_custom_url":null,"og_image_custom_fields":null,"og_video":null,"og_custom_url":null,"og_article_section":null,"og_article_tags":null,"twitter_use_og":false,"twitter_card":"default","twitter_image_type":"default","twitter_image_url":null,"twitter_image_custom_url":null,"twitter_image_custom_fields":null,"twitter_title":null,"twitter_description":null,"schema":{"blockGraphs":[],"customGraphs":[],"default":{"data":{"Article":[],"Course":[],"Dataset":[],"FAQPage":[],"Movie":[],"Person":[],"Product":[],"ProductReview":[],"Car":[],"Recipe":[],"Service":[],"SoftwareApplication":[],"WebPage":[]},"graphName":"","isEnabled":true},"graphs":[]},"schema_type":"default","schema_type_options":null,"pillar_content":false,"robots_default":false,"robots_noindex":true,"robots_noarchive":false,"robots_nosnippet":false,"robots_nofollow":false,"robots_noimageindex":false,"robots_noodp":false,"robots_notranslate":false,"robots_max_snippet":null,"robots_max_videopreview":null,"robots_max_imagepreview":"large","priority":null,"frequency":null,"local_seo":null,"seo_analyzer_scan_date":"2025-08-14 23:54:41","breadcrumb_settings":null,"limit_modified_date":false,"reviewed_by":null,"open_ai":null,"ai":null,"created":"2024-12-19 00:11:57","updated":"2025-10-29 19:59:52"},"aioseo_breadcrumb":"<div class=\"aioseo-breadcrumbs\"><span class=\"aioseo-breadcrumb\">\n\t<a href=\"https:\/\/raiatealocation.com\/en\/\" title=\"Accueil\">Accueil<\/a>\n<\/span><span class=\"aioseo-breadcrumb-separator\">\u00bb<\/span><span class=\"aioseo-breadcrumb\">\n\tMy account\n<\/span><\/div>","aioseo_breadcrumb_json":[{"label":"Accueil","link":"https:\/\/raiatealocation.com\/en\/"},{"label":"My account","link":"https:\/\/raiatealocation.com\/en\/my-account\/"}],"_links":{"self":[{"href":"https:\/\/raiatealocation.com\/en\/wp-json\/wp\/v2\/pages\/799","targetHints":{"allow":["GET"]}}],"collection":[{"href":"https:\/\/raiatealocation.com\/en\/wp-json\/wp\/v2\/pages"}],"about":[{"href":"https:\/\/raiatealocation.com\/en\/wp-json\/wp\/v2\/types\/page"}],"author":[{"embeddable":true,"href":"https:\/\/raiatealocation.com\/en\/wp-json\/wp\/v2\/users\/1"}],"replies":[{"embeddable":true,"href":"https:\/\/raiatealocation.com\/en\/wp-json\/wp\/v2\/comments?post=799"}],"version-history":[{"count":0,"href":"https:\/\/raiatealocation.com\/en\/wp-json\/wp\/v2\/pages\/799\/revisions"}],"wp:attachment":[{"href":"https:\/\/raiatealocation.com\/en\/wp-json\/wp\/v2\/media?parent=799"}],"curies":[{"name":"wp","href":"https:\/\/api.w.org\/{rel}","templated":true}]}}