{"id":1593,"date":"2025-03-13T10:46:55","date_gmt":"2025-03-13T20:46:55","guid":{"rendered":"https:\/\/raiatealocation.com\/raiatea-location-partners\/"},"modified":"2026-02-04T08:45:27","modified_gmt":"2026-02-04T18:45:27","slug":"raiatea-location-partners","status":"publish","type":"page","link":"https:\/\/raiatealocation.com\/en\/raiatea-location-partners\/","title":{"rendered":"Raiatea Location partners"},"content":{"rendered":"\n<h1 class=\"wp-block-heading\" style=\"margin-top:50px;margin-bottom:50px\">Our partners<\/h1>\n\n<p>At Raiatea Location, we work with trusted partners to offer you an unforgettable experience on the island of Raiatea.<\/p>\n\n<h3 class=\"wp-block-heading\">Our preferred partners:<\/h3>\n\n<ul class=\"wp-block-list\">\n<li><a href=\"https:\/\/www.petitfute.com\/v64292-uturoa-98735\/c1122-voyage-transports\/c1083-location-de-vehicules\/1571781-raiatea-location.html\"><strong>Le Petit Fut\u00e9<\/strong><\/a> Consult our section on Le Petit Fut\u00e9, the essential guide to planning your vacation in Raiatea, and read our customers&#8217; reviews.<\/li>\n\n\n\n<li><a href=\"https:\/\/www.que-faire-en-voyage.com\/raiatea-top-activites\/\"><strong>What to do when you travel &#8211; Raiatea Top Activities<\/strong><\/a> Discover a selection of the best things to do on Raiatea, including our car, scooter and boat rental services.<\/li>\n\n\n\n<li><a href=\"https:\/\/www.toplien.fr\/\"><img loading=\"lazy\" decoding=\"async\" src=\"https:\/\/www.toplien.fr\/img\/image88x33_4.png\" alt=\"top link directory\" height=\"33\" width=\"80\"\/><\/a><\/li>\n\n\n\n<li><a href=\"https:\/\/www.annuaire-du-tourisme.fr\">www.annuaire-du-tourisme.fr<\/a><\/li>\n\n\n\n<li><a href=\"https:\/\/www.annuaire-tourisme-voyages.com\/\" target=\"_blank\" rel=\"noopener\" title=\"\">https:\/\/www.annuaire-tourisme-voyages.com\/<\/a><\/li>\n\n\n\n<li>We are recomanded by <a href=\"https:\/\/www.mylittlepolynesia.com\/raiatea-polynesie\/\" target=\"_blank\" rel=\"noopener\" title=\"\">mylittlepolynesia<\/a><\/li>\n<\/ul>\n\n<p><\/p>\n","protected":false},"excerpt":{"rendered":"<p>Our partners At Raiatea Location, we work with trusted partners to offer you an unforgettable experience on the island of [&hellip;]<\/p>\n","protected":false},"author":1,"featured_media":0,"parent":0,"menu_order":0,"comment_status":"closed","ping_status":"closed","template":"","meta":{"_uag_custom_page_level_css":"","site-sidebar-layout":"default","site-content-layout":"","ast-site-content-layout":"default","site-content-style":"default","site-sidebar-style":"default","ast-global-header-display":"","ast-banner-title-visibility":"","ast-main-header-display":"","ast-hfb-above-header-display":"","ast-hfb-below-header-display":"","ast-hfb-mobile-header-display":"","site-post-title":"","ast-breadcrumbs-content":"","ast-featured-img":"","footer-sml-layout":"","ast-disable-related-posts":"","theme-transparent-header-meta":"","adv-header-id-meta":"","stick-header-meta":"","header-above-stick-meta":"","header-main-stick-meta":"","header-below-stick-meta":"","astra-migrate-meta-layouts":"default","ast-page-background-enabled":"default","ast-page-background-meta":{"desktop":{"background-color":"var(--ast-global-color-4)","background-image":"","background-repeat":"repeat","background-position":"center center","background-size":"auto","background-attachment":"scroll","background-type":"","background-media":"","overlay-type":"","overlay-color":"","overlay-opacity":"","overlay-gradient":""},"tablet":{"background-color":"","background-image":"","background-repeat":"repeat","background-position":"center center","background-size":"auto","background-attachment":"scroll","background-type":"","background-media":"","overlay-type":"","overlay-color":"","overlay-opacity":"","overlay-gradient":""},"mobile":{"background-color":"","background-image":"","background-repeat":"repeat","background-position":"center center","background-size":"auto","background-attachment":"scroll","background-type":"","background-media":"","overlay-type":"","overlay-color":"","overlay-opacity":"","overlay-gradient":""}},"ast-content-background-meta":{"desktop":{"background-color":"var(--ast-global-color-5)","background-image":"","background-repeat":"repeat","background-position":"center center","background-size":"auto","background-attachment":"scroll","background-type":"","background-media":"","overlay-type":"","overlay-color":"","overlay-opacity":"","overlay-gradient":""},"tablet":{"background-color":"var(--ast-global-color-5)","background-image":"","background-repeat":"repeat","background-position":"center center","background-size":"auto","background-attachment":"scroll","background-type":"","background-media":"","overlay-type":"","overlay-color":"","overlay-opacity":"","overlay-gradient":""},"mobile":{"background-color":"var(--ast-global-color-5)","background-image":"","background-repeat":"repeat","background-position":"center center","background-size":"auto","background-attachment":"scroll","background-type":"","background-media":"","overlay-type":"","overlay-color":"","overlay-opacity":"","overlay-gradient":""}},"footnotes":""},"class_list":["post-1593","page","type-page","status-publish","hentry"],"aioseo_notices":[],"spectra_custom_meta":{"_last_translation_edit_mode":["translation-editor"],"_wpml_word_count":["102"],"astra_style_timestamp_css":["1774996712"],"_wp_page_template":[""],"_aioseo_keywords":["a:0:{}"],"_aioseo_og_title":[""],"_aioseo_og_description":[""],"_aioseo_og_article_section":[""],"_aioseo_og_article_tags":["a:0:{}"],"_aioseo_twitter_title":[""],"_aioseo_twitter_description":[""],"cmplz_hide_cookiebanner":[""],"_top_nav_excluded":[""],"_cms_nav_minihome":[""],"_aioseo_title":["Partners of Raiatea Location - Car rental in Uturoa"],"_aioseo_description":["Discover Raiatea Location's privileged partners for a perfect stay in Raiatea: Petit Fut\u00e9, Que Faire en Voyage, Lonely Planet, and much more!"],"_uag_css_file_name":["uag-css-1593.css"]},"uagb_featured_image_src":{"full":false,"thumbnail":false,"medium":false,"medium_large":false,"large":false,"1536x1536":false,"2048x2048":false,"woocommerce_thumbnail":false,"woocommerce_single":false,"woocommerce_gallery_thumbnail":false},"uagb_author_info":{"display_name":"WWWRaiatea","author_link":"https:\/\/raiatealocation.com\/en\/author\/wwwraiatea\/"},"uagb_comment_info":0,"uagb_excerpt":"Our partners At Raiatea Location, we work with trusted partners to offer you an unforgettable experience on the island of [&hellip;]","aioseo_head":"\n\t\t<!-- All in One SEO Pro 4.9.5.2 - aioseo.com -->\n\t<meta name=\"description\" content=\"Discover Raiatea Location&#039;s privileged partners for a perfect stay in Raiatea: Petit Fut\u00e9, Que Faire en Voyage, Lonely Planet, and much more!\" \/>\n\t<meta name=\"robots\" content=\"max-image-preview:large\" \/>\n\t<meta name=\"msvalidate.01\" content=\"9ced99a0b2834c0a92a10b136ca41fe6\" \/>\n\t<meta name=\"p:domain_verify\" content=\"1dfddca7e79f0d83867a8f64426f1c3b\" \/>\n\t<meta name=\"yandex-verification\" content=\"80e9377133a6348e\" \/>\n\t<link rel=\"canonical\" href=\"https:\/\/raiatealocation.com\/en\/raiatea-location-partners\/\" \/>\n\t<meta name=\"generator\" content=\"All in One SEO Pro (AIOSEO) 4.9.5.2\" \/>\n\t\t<meta property=\"og:locale\" content=\"en_US\" \/>\n\t\t<meta property=\"og:site_name\" content=\"Raiatea Location - Location de Voitures, Scooters, Bateaux et Bungalows \u00e0 Raiatea\" \/>\n\t\t<meta property=\"og:type\" content=\"website\" \/>\n\t\t<meta property=\"og:title\" content=\"Partners of Raiatea Location - Car rental in Uturoa\" \/>\n\t\t<meta property=\"og:description\" content=\"Discover Raiatea Location&#039;s privileged partners for a perfect stay in Raiatea: Petit Fut\u00e9, Que Faire en Voyage, Lonely Planet, and much more!\" \/>\n\t\t<meta property=\"og:url\" content=\"https:\/\/raiatealocation.com\/en\/raiatea-location-partners\/\" \/>\n\t\t<meta property=\"og:image\" content=\"https:\/\/raiatealocation.com\/wp-content\/uploads\/2024\/11\/image-Facebook-Riatea-Location-1.jpg\" \/>\n\t\t<meta property=\"og:image:secure_url\" content=\"https:\/\/raiatealocation.com\/wp-content\/uploads\/2024\/11\/image-Facebook-Riatea-Location-1.jpg\" \/>\n\t\t<meta property=\"og:image:width\" content=\"1200\" \/>\n\t\t<meta property=\"og:image:height\" content=\"627\" \/>\n\t\t<meta name=\"twitter:card\" content=\"summary_large_image\" \/>\n\t\t<meta name=\"twitter:title\" content=\"Partners of Raiatea Location - Car rental in Uturoa\" \/>\n\t\t<meta name=\"twitter:description\" content=\"Discover Raiatea Location&#039;s privileged partners for a perfect stay in Raiatea: Petit Fut\u00e9, Que Faire en Voyage, Lonely Planet, and much more!\" \/>\n\t\t<meta name=\"twitter:image\" content=\"https:\/\/raiatealocation.com\/wp-content\/uploads\/2024\/11\/image-Facebook-Riatea-Location-1.jpg\" \/>\n\t\t<script type=\"application\/ld+json\" class=\"aioseo-schema\">\n\t\t\t{\"@context\":\"https:\\\/\\\/schema.org\",\"@graph\":[{\"@type\":\"BreadcrumbList\",\"@id\":\"https:\\\/\\\/raiatealocation.com\\\/en\\\/raiatea-location-partners\\\/#breadcrumblist\",\"itemListElement\":[{\"@type\":\"ListItem\",\"@id\":\"https:\\\/\\\/raiatealocation.com\\\/en\\\/#listItem\",\"position\":1,\"name\":\"Accueil\",\"item\":\"https:\\\/\\\/raiatealocation.com\\\/en\\\/\",\"nextItem\":{\"@type\":\"ListItem\",\"@id\":\"https:\\\/\\\/raiatealocation.com\\\/en\\\/raiatea-location-partners\\\/#listItem\",\"name\":\"Raiatea Location partners\"}},{\"@type\":\"ListItem\",\"@id\":\"https:\\\/\\\/raiatealocation.com\\\/en\\\/raiatea-location-partners\\\/#listItem\",\"position\":2,\"name\":\"Raiatea Location partners\",\"previousItem\":{\"@type\":\"ListItem\",\"@id\":\"https:\\\/\\\/raiatealocation.com\\\/en\\\/#listItem\",\"name\":\"Accueil\"}}]},{\"@type\":\"Organization\",\"@id\":\"https:\\\/\\\/raiatealocation.com\\\/en\\\/#organization\",\"name\":\"Raiatea Location\",\"description\":\"Raiatea Location \\u00e0 Uturoa : location voiture, scooter, bateau sans permis et bungalows. Service local, flexible et personnalis\\u00e9 \\u00e0 Raiatea.\",\"url\":\"https:\\\/\\\/raiatealocation.com\\\/en\\\/\",\"email\":\"raiatealocation@mail.pf\",\"telephone\":\"+68940663406\",\"foundingDate\":\"1995-12-31\",\"numberOfEmployees\":{\"@type\":\"QuantitativeValue\",\"minValue\":0,\"maxValue\":5},\"logo\":{\"@type\":\"ImageObject\",\"url\":\"https:\\\/\\\/raiatealocation.com\\\/wp-content\\\/uploads\\\/2024\\\/11\\\/logo-HD-Raiatea-Location.png\",\"@id\":\"https:\\\/\\\/raiatealocation.com\\\/en\\\/raiatea-location-partners\\\/#organizationLogo\",\"width\":1900,\"height\":900},\"image\":{\"@id\":\"https:\\\/\\\/raiatealocation.com\\\/en\\\/raiatea-location-partners\\\/#organizationLogo\"},\"address\":{\"@id\":\"https:\\\/\\\/raiatealocation.com\\\/en\\\/#postaladdress\",\"@type\":\"PostalAddress\",\"streetAddress\":\"Z.I. Tahina,\",\"postalCode\":\"98735\",\"addressLocality\":\"Uturoa\",\"addressRegion\":\"Raiatea\",\"addressCountry\":\"PF\"}},{\"@type\":\"WebPage\",\"@id\":\"https:\\\/\\\/raiatealocation.com\\\/en\\\/raiatea-location-partners\\\/#webpage\",\"url\":\"https:\\\/\\\/raiatealocation.com\\\/en\\\/raiatea-location-partners\\\/\",\"name\":\"Partners of Raiatea Location - Car rental in Uturoa\",\"description\":\"Discover Raiatea Location's privileged partners for a perfect stay in Raiatea: Petit Fut\\u00e9, Que Faire en Voyage, Lonely Planet, and much more!\",\"inLanguage\":\"en-US\",\"isPartOf\":{\"@id\":\"https:\\\/\\\/raiatealocation.com\\\/en\\\/#website\"},\"breadcrumb\":{\"@id\":\"https:\\\/\\\/raiatealocation.com\\\/en\\\/raiatea-location-partners\\\/#breadcrumblist\"},\"datePublished\":\"2025-03-13T10:46:55-10:00\",\"dateModified\":\"2026-02-04T08:45:27-10:00\"},{\"@type\":\"WebSite\",\"@id\":\"https:\\\/\\\/raiatealocation.com\\\/en\\\/#website\",\"url\":\"https:\\\/\\\/raiatealocation.com\\\/en\\\/\",\"name\":\"Raiatea Location\",\"description\":\"Location de Voitures, Scooters, Bateaux et Bungalows \\u00e0 Raiatea\",\"inLanguage\":\"en-US\",\"publisher\":{\"@id\":\"https:\\\/\\\/raiatealocation.com\\\/en\\\/#organization\"}}]}\n\t\t<\/script>\n\t\t<!-- All in One SEO Pro -->\r\n\t\t<title>Partners of Raiatea Location - Car rental in Uturoa<\/title>\n\n","aioseo_head_json":{"title":"Partners of Raiatea Location - Car rental in Uturoa","description":"Discover Raiatea Location's privileged partners for a perfect stay in Raiatea: Petit Fut\u00e9, Que Faire en Voyage, Lonely Planet, and much more!","canonical_url":"https:\/\/raiatealocation.com\/en\/raiatea-location-partners\/","robots":"max-image-preview:large","keywords":"","webmasterTools":{"msvalidate.01":"9ced99a0b2834c0a92a10b136ca41fe6","p:domain_verify":"1dfddca7e79f0d83867a8f64426f1c3b","yandex-verification":"80e9377133a6348e","miscellaneous":""},"schema":{"@context":"https:\/\/schema.org","@graph":[{"@type":"BreadcrumbList","@id":"https:\/\/raiatealocation.com\/en\/raiatea-location-partners\/#breadcrumblist","itemListElement":[{"@type":"ListItem","@id":"https:\/\/raiatealocation.com\/en\/#listItem","position":1,"name":"Accueil","item":"https:\/\/raiatealocation.com\/en\/","nextItem":{"@type":"ListItem","@id":"https:\/\/raiatealocation.com\/en\/raiatea-location-partners\/#listItem","name":"Raiatea Location partners"}},{"@type":"ListItem","@id":"https:\/\/raiatealocation.com\/en\/raiatea-location-partners\/#listItem","position":2,"name":"Raiatea Location partners","previousItem":{"@type":"ListItem","@id":"https:\/\/raiatealocation.com\/en\/#listItem","name":"Accueil"}}]},{"@type":"Organization","@id":"https:\/\/raiatealocation.com\/en\/#organization","name":"Raiatea Location","description":"Raiatea Location \u00e0 Uturoa : location voiture, scooter, bateau sans permis et bungalows. Service local, flexible et personnalis\u00e9 \u00e0 Raiatea.","url":"https:\/\/raiatealocation.com\/en\/","email":"raiatealocation@mail.pf","telephone":"+68940663406","foundingDate":"1995-12-31","numberOfEmployees":{"@type":"QuantitativeValue","minValue":0,"maxValue":5},"logo":{"@type":"ImageObject","url":"https:\/\/raiatealocation.com\/wp-content\/uploads\/2024\/11\/logo-HD-Raiatea-Location.png","@id":"https:\/\/raiatealocation.com\/en\/raiatea-location-partners\/#organizationLogo","width":1900,"height":900},"image":{"@id":"https:\/\/raiatealocation.com\/en\/raiatea-location-partners\/#organizationLogo"},"address":{"@id":"https:\/\/raiatealocation.com\/en\/#postaladdress","@type":"PostalAddress","streetAddress":"Z.I. Tahina,","postalCode":"98735","addressLocality":"Uturoa","addressRegion":"Raiatea","addressCountry":"PF"}},{"@type":"WebPage","@id":"https:\/\/raiatealocation.com\/en\/raiatea-location-partners\/#webpage","url":"https:\/\/raiatealocation.com\/en\/raiatea-location-partners\/","name":"Partners of Raiatea Location - Car rental in Uturoa","description":"Discover Raiatea Location's privileged partners for a perfect stay in Raiatea: Petit Fut\u00e9, Que Faire en Voyage, Lonely Planet, and much more!","inLanguage":"en-US","isPartOf":{"@id":"https:\/\/raiatealocation.com\/en\/#website"},"breadcrumb":{"@id":"https:\/\/raiatealocation.com\/en\/raiatea-location-partners\/#breadcrumblist"},"datePublished":"2025-03-13T10:46:55-10:00","dateModified":"2026-02-04T08:45:27-10:00"},{"@type":"WebSite","@id":"https:\/\/raiatealocation.com\/en\/#website","url":"https:\/\/raiatealocation.com\/en\/","name":"Raiatea Location","description":"Location de Voitures, Scooters, Bateaux et Bungalows \u00e0 Raiatea","inLanguage":"en-US","publisher":{"@id":"https:\/\/raiatealocation.com\/en\/#organization"}}]},"og:locale":"en_US","og:site_name":"Raiatea Location - Location de Voitures, Scooters, Bateaux et Bungalows \u00e0 Raiatea","og:type":"website","og:title":"Partners of Raiatea Location - Car rental in Uturoa","og:description":"Discover Raiatea Location's privileged partners for a perfect stay in Raiatea: Petit Fut\u00e9, Que Faire en Voyage, Lonely Planet, and much more!","og:url":"https:\/\/raiatealocation.com\/en\/raiatea-location-partners\/","og:image":"https:\/\/raiatealocation.com\/wp-content\/uploads\/2024\/11\/image-Facebook-Riatea-Location-1.jpg","og:image:secure_url":"https:\/\/raiatealocation.com\/wp-content\/uploads\/2024\/11\/image-Facebook-Riatea-Location-1.jpg","og:image:width":1200,"og:image:height":627,"twitter:card":"summary_large_image","twitter:title":"Partners of Raiatea Location - Car rental in Uturoa","twitter:description":"Discover Raiatea Location's privileged partners for a perfect stay in Raiatea: Petit Fut\u00e9, Que Faire en Voyage, Lonely Planet, and much more!","twitter:image":"https:\/\/raiatealocation.com\/wp-content\/uploads\/2024\/11\/image-Facebook-Riatea-Location-1.jpg"},"aioseo_meta_data":{"post_id":"1593","title":"Partners of Raiatea Location - Car rental in Uturoa","description":"Discover Raiatea Location's privileged partners for a perfect stay in Raiatea: Petit Fut\u00e9, Que Faire en Voyage, Lonely Planet, and much more!","keywords":null,"keyphrases":{"focus":{"keyphrase":"","score":0,"analysis":{"keyphraseInTitle":{"score":0,"maxScore":9,"error":1}}},"additional":[]},"primary_term":null,"canonical_url":null,"og_title":null,"og_description":null,"og_object_type":"default","og_image_type":"default","og_image_url":null,"og_image_width":null,"og_image_height":null,"og_image_custom_url":null,"og_image_custom_fields":null,"og_video":"","og_custom_url":null,"og_article_section":null,"og_article_tags":null,"twitter_use_og":true,"twitter_card":"default","twitter_image_type":"default","twitter_image_url":null,"twitter_image_custom_url":null,"twitter_image_custom_fields":null,"twitter_title":null,"twitter_description":null,"schema":{"blockGraphs":[],"customGraphs":[],"default":{"data":{"Article":[],"Course":[],"Dataset":[],"FAQPage":[],"Movie":[],"Person":[],"Product":[],"ProductReview":[],"Car":[],"Recipe":[],"Service":[],"SoftwareApplication":[],"WebPage":[]},"graphName":"WebPage","isEnabled":true},"graphs":[]},"schema_type":"default","schema_type_options":null,"pillar_content":false,"robots_default":true,"robots_noindex":false,"robots_noarchive":false,"robots_nosnippet":false,"robots_nofollow":false,"robots_noimageindex":false,"robots_noodp":false,"robots_notranslate":false,"robots_max_snippet":"-1","robots_max_videopreview":"-1","robots_max_imagepreview":"large","priority":null,"frequency":"default","local_seo":null,"seo_analyzer_scan_date":"2026-02-04 18:34:37","breadcrumb_settings":null,"limit_modified_date":false,"reviewed_by":"0","open_ai":"{\"title\":{\"suggestions\":[],\"usage\":0},\"description\":{\"suggestions\":[],\"usage\":0}}","ai":{"faqs":[],"keyPoints":[],"titles":[],"descriptions":[],"socialPosts":{"email":[],"linkedin":[],"twitter":[],"facebook":[],"instagram":[]}},"created":"2025-05-01 23:31:42","updated":"2026-02-04 18:55:08"},"aioseo_breadcrumb":"<div class=\"aioseo-breadcrumbs\"><span class=\"aioseo-breadcrumb\">\n\t<a href=\"https:\/\/raiatealocation.com\/en\/\" title=\"Accueil\">Accueil<\/a>\n<\/span><span class=\"aioseo-breadcrumb-separator\">\u00bb<\/span><span class=\"aioseo-breadcrumb\">\n\tRaiatea Location partners\n<\/span><\/div>","aioseo_breadcrumb_json":[{"label":"Accueil","link":"https:\/\/raiatealocation.com\/en\/"},{"label":"Raiatea Location partners","link":"https:\/\/raiatealocation.com\/en\/raiatea-location-partners\/"}],"_links":{"self":[{"href":"https:\/\/raiatealocation.com\/en\/wp-json\/wp\/v2\/pages\/1593","targetHints":{"allow":["GET"]}}],"collection":[{"href":"https:\/\/raiatealocation.com\/en\/wp-json\/wp\/v2\/pages"}],"about":[{"href":"https:\/\/raiatealocation.com\/en\/wp-json\/wp\/v2\/types\/page"}],"author":[{"embeddable":true,"href":"https:\/\/raiatealocation.com\/en\/wp-json\/wp\/v2\/users\/1"}],"replies":[{"embeddable":true,"href":"https:\/\/raiatealocation.com\/en\/wp-json\/wp\/v2\/comments?post=1593"}],"version-history":[{"count":0,"href":"https:\/\/raiatealocation.com\/en\/wp-json\/wp\/v2\/pages\/1593\/revisions"}],"wp:attachment":[{"href":"https:\/\/raiatealocation.com\/en\/wp-json\/wp\/v2\/media?parent=1593"}],"curies":[{"name":"wp","href":"https:\/\/api.w.org\/{rel}","templated":true}]}}